{"id":3,"date":"2023-12-15T13:07:27","date_gmt":"2023-12-15T13:07:27","guid":{"rendered":"https:\/\/hachayoun.com\/?page_id=3"},"modified":"2024-01-12T16:08:28","modified_gmt":"2024-01-12T15:08:28","slug":"legal","status":"publish","type":"page","link":"https:\/\/hachayoun.com\/en\/legal\/","title":{"rendered":"Informations"},"content":{"rendered":"<h2 class=\"wp-block-heading\">Mentions l\u00e9gales<\/h2>\n\n\n\n<h5 class=\"wp-block-heading\">DIRECTION DE PUBLICATION<\/h5>\n\n\n\n<p><strong>ha cha youn<\/strong><br>19 rue Gagn\u00e9e \u2013 94200 Ivry-sur-Seine \u2013 France<br><a href=\"mailto:info@hachayoun.com\">info@hachayoun.com<\/a><\/p>\n\n\n\n<h5 class=\"wp-block-heading\">DESIGN<\/h5>\n\n\n\n<p><a href=\"http:\/\/glazfab.com\"><strong>Glazfab<\/strong><\/a><br>Paris<\/p>\n\n\n\n<h5 class=\"wp-block-heading\">H\u00c9BERGEMENT<\/h5>\n\n\n\n<p><strong>OVH<\/strong><br>2 rue Kellermann \u2013 59100 Roubaix \u2013 France<\/p>\n\n\n\n<h2 class=\"wp-block-heading\">Droits d&rsquo;auteur<\/h2>\n\n\n\n<p>Les droits d&rsquo;auteur sont r\u00e9serv\u00e9s \u00e0 ha&nbsp;cha&nbsp;youn, VG&nbsp;Bild-Kunst en&nbsp;Allemagne.&nbsp;L&rsquo;int\u00e9gralit\u00e9 des contenus pr\u00e9sents sur ce site sont la propri\u00e9t\u00e9 exclusive de leur&nbsp;auteur. Toute reproduction m\u00eame partielle n&rsquo;est pas autoris\u00e9e sans son consentement \u00e9crit.<\/p>\n\n\n\n<h2 class=\"wp-block-heading\">Cookies<\/h2>\n\n\n\n<p>Ce site n&rsquo;utilise pas de cookie et ne collecte aucune donn\u00e9e \u00e0 caract\u00e8re personnel.<\/p>\n\n\n\n<p><\/p>","protected":false},"excerpt":{"rendered":"<p>Mentions l\u00e9gales DIRECTION DE PUBLICATION ha cha youn19 rue Gagn\u00e9e \u2013 94200 Ivry-sur-Seine \u2013 Franceinfo@hachayoun.com DESIGN GlazfabParis H\u00c9BERGEMENT OVH2 rue Kellermann \u2013 59100 Roubaix \u2013 France Droits d&rsquo;auteur Les droits d&rsquo;auteur sont r\u00e9serv\u00e9s \u00e0 ha&nbsp;cha&nbsp;youn, VG&nbsp;Bild-Kunst en&nbsp;Allemagne.&nbsp;L&rsquo;int\u00e9gralit\u00e9 des contenus pr\u00e9sents sur ce site sont la propri\u00e9t\u00e9 exclusive de leur&nbsp;auteur. Toute reproduction m\u00eame partielle n&rsquo;est pas [&hellip;]<\/p>\n","protected":false},"author":1,"featured_media":0,"parent":0,"menu_order":0,"comment_status":"closed","ping_status":"closed","template":"","meta":{"_acf_changed":false,"footnotes":""},"class_list":["post-3","page","type-page","status-publish","hentry"],"acf":[],"_links":{"self":[{"href":"https:\/\/hachayoun.com\/en\/wp-json\/wp\/v2\/pages\/3","targetHints":{"allow":["GET"]}}],"collection":[{"href":"https:\/\/hachayoun.com\/en\/wp-json\/wp\/v2\/pages"}],"about":[{"href":"https:\/\/hachayoun.com\/en\/wp-json\/wp\/v2\/types\/page"}],"author":[{"embeddable":true,"href":"https:\/\/hachayoun.com\/en\/wp-json\/wp\/v2\/users\/1"}],"replies":[{"embeddable":true,"href":"https:\/\/hachayoun.com\/en\/wp-json\/wp\/v2\/comments?post=3"}],"version-history":[{"count":13,"href":"https:\/\/hachayoun.com\/en\/wp-json\/wp\/v2\/pages\/3\/revisions"}],"predecessor-version":[{"id":235,"href":"https:\/\/hachayoun.com\/en\/wp-json\/wp\/v2\/pages\/3\/revisions\/235"}],"wp:attachment":[{"href":"https:\/\/hachayoun.com\/en\/wp-json\/wp\/v2\/media?parent=3"}],"curies":[{"name":"wp","href":"https:\/\/api.w.org\/{rel}","templated":true}]}}