{"id":18,"date":"2023-12-17T18:40:03","date_gmt":"2023-12-17T17:40:03","guid":{"rendered":"https:\/\/hachayoun.com\/?page_id=18"},"modified":"2024-01-28T16:52:18","modified_gmt":"2024-01-28T15:52:18","slug":"about","status":"publish","type":"page","link":"http:\/\/hachayoun.com\/en\/about\/","title":{"rendered":"About"},"content":{"rendered":"<h2 class=\"wp-block-heading\">Interview<\/h2>\n\n\n\n<p class=\"mt-2 text-lg\"><strong>Ewa Sulek<\/strong> Why is the subject of poverty important to you?<\/p>\n\n\n\n<p class=\"text-lg\"><strong>Ha Cha Youn<\/strong> I believe I'm seeking harmony and balance within society. Despite the discomfort in addressing the subject of poverty, it undeniably exists widely throughout our society, almost everywhere.\nWhen we feel fragile and find ourselves facing difficulties, we tend to seek parallels in similar situations, don't we? Bringing visibility to societal concerns is important. It aims to provide a fair place for these issues.<\/p>\n\n\n\n<p class=\"text-lg\"><strong>E. S.<\/strong> What does the plastic bag mean for you \u2013 you use it very often?<\/p>\n\n\n\n<p class=\"text-lg\"><strong>H. C. Y.<\/strong> The daily material, varied color, transparency, and environmentally poor material of the bags are like the clothes of a person. However, the true essence of the bags I use represents individuals without a place to call home. In my artistic practice, I often interconnect plastic bags and frames. The plastic bags symbolize those experiencing homelessness, both physically and culturally, finding it challenging to establish a new cultural home upon immigration. These bags are depicted in a state of motion, flying and floating, portraying the transient nature of their existence. My aim is to provide a temporary settlement, offering a framework for these bags \u2014 a place to reside. Yet, it remains impermanent. For the plastic bags, I refrain from using glue and avoid altering their shape, employing a simple folding system. At any given moment, they can depart from the frame and regain their freedom. I've incorporated plastic bags into my artistic works since the early 90s.<\/p>\n\n\n\n<p class=\"text-lg\"><strong>E. S.<\/strong> Some of Your works were created in Korea, some in Europe. How important is the background for you?<\/p>\n\n\n\n<p class=\"text-lg\"><strong>H. C. Y.<\/strong> I travel occasionally, but rarely for tourism purposes. Most of the time, I reside in Europe. When I travel, it's often to visit family, places I've lived before, or locations related to work-related exhibitions. I find myself in both an immigrant and emigrant situation. It's crucial for me to establish equal importance and existence in two places \u2013 Europe and Korea.<\/p>\n\n\n\n<p class=\"text-lg\"><strong>E. S.<\/strong> What do You think is the role\/impact of socially engaged art these days? Do you consider your art this way?<\/p>\n\n\n\n<p class=\"text-lg\"><strong>H. C. Y.<\/strong> I'm not closely connected to social networks, and often many active artists who are socially engaged may not be prominently visible in exhibition spaces.\nI'm deeply connected to and observe the happenings in our societies: the diverse ways of life and thinking, political landscapes, global economy, and consumption patterns. These elements significantly influence me and a part of my artistic works. However, labeling myself as a socially engaged artist carries a very weighty responsibility, which limits me. It's a significant constraint. If everyone were to ask the question \"Is the world going well?\" (Est-ce que le monde va bien?), it would be truly impactful.<\/p>\n\n\n\n<p class=\"text-base leading-tight\">Extract from the interview with Ewa Sulek, curator of the exhibition <strong><a href=\"https:\/\/hachayoun.com\/en\/homes-project\/\" data-type=\"post\" data-id=\"1831\">Home(s) project<\/a><\/strong> at the Lescer Art Center, Zalesie Gorne and the Korean Cultural Center, Varsovia (Poland), in september 2019.<\/p>","protected":false},"excerpt":{"rendered":"<p>Entretien Ewa Sulek Pourquoi le sujet de la pauvret\u00e9 est-il important pour vous ? Ha Cha Youn Je crois rechercher l&rsquo;harmonie et l&rsquo;\u00e9quilibre au sein de la soci\u00e9t\u00e9. Malgr\u00e9 le malaise \u00e0 aborder le sujet de la pauvret\u00e9, celle-ci existe ind\u00e9niablement \u00e0 grande \u00e9chelle dans notre soci\u00e9t\u00e9, presque partout. Lorsque nous nous sentons fragiles et [&hellip;]<\/p>\n","protected":false},"author":1,"featured_media":210,"parent":0,"menu_order":0,"comment_status":"closed","ping_status":"closed","template":"","meta":{"_acf_changed":false,"footnotes":""},"class_list":["post-18","page","type-page","status-publish","has-post-thumbnail","hentry"],"acf":[],"_links":{"self":[{"href":"http:\/\/hachayoun.com\/en\/wp-json\/wp\/v2\/pages\/18","targetHints":{"allow":["GET"]}}],"collection":[{"href":"http:\/\/hachayoun.com\/en\/wp-json\/wp\/v2\/pages"}],"about":[{"href":"http:\/\/hachayoun.com\/en\/wp-json\/wp\/v2\/types\/page"}],"author":[{"embeddable":true,"href":"http:\/\/hachayoun.com\/en\/wp-json\/wp\/v2\/users\/1"}],"replies":[{"embeddable":true,"href":"http:\/\/hachayoun.com\/en\/wp-json\/wp\/v2\/comments?post=18"}],"version-history":[{"count":44,"href":"http:\/\/hachayoun.com\/en\/wp-json\/wp\/v2\/pages\/18\/revisions"}],"predecessor-version":[{"id":2645,"href":"http:\/\/hachayoun.com\/en\/wp-json\/wp\/v2\/pages\/18\/revisions\/2645"}],"wp:featuredmedia":[{"embeddable":true,"href":"http:\/\/hachayoun.com\/en\/wp-json\/wp\/v2\/media\/210"}],"wp:attachment":[{"href":"http:\/\/hachayoun.com\/en\/wp-json\/wp\/v2\/media?parent=18"}],"curies":[{"name":"wp","href":"https:\/\/api.w.org\/{rel}","templated":true}]}}